{"id":612,"date":"2016-03-07T03:11:04","date_gmt":"2016-03-07T03:11:04","guid":{"rendered":"https:\/\/www.gavias-theme.com\/wp\/codesk\/?page_id=612"},"modified":"2024-07-02T23:01:52","modified_gmt":"2024-07-02T23:01:52","slug":"about-page","status":"publish","type":"page","link":"https:\/\/hoobox.com.mx\/home24\/?page_id=612","title":{"rendered":"Acerca de Nosostros"},"content":{"rendered":"\t\t<div data-elementor-type=\"wp-post\" data-elementor-id=\"612\" class=\"elementor elementor-612\">\n\t\t\t\t\t\t<section class=\"elementor-section elementor-top-section elementor-element elementor-element-22f elementor-section-boxed elementor-section-height-default elementor-section-height-default\" data-id=\"22f\" data-element_type=\"section\" data-settings=\"{&quot;background_background&quot;:&quot;classic&quot;}\">\n\t\t\t\t\t\t<div class=\"elementor-container elementor-column-gap-default\">\n\t\t\t\t\t<div class=\"elementor-column elementor-col-50 elementor-top-column elementor-element elementor-element-5e0d column-style-top\" data-id=\"5e0d\" data-element_type=\"column\">\n\t\t\t<div class=\"elementor-widget-wrap elementor-element-populated\">\n\t\t\t\t\t\t<div class=\"elementor-element elementor-element-d56bb6d elementor-widget elementor-widget-image\" data-id=\"d56bb6d\" data-element_type=\"widget\" data-widget_type=\"image.default\">\n\t\t\t\t<div class=\"elementor-widget-container\">\n\t\t\t\t\t\t\t\t\t\t\t\t\t\t\t<img fetchpriority=\"high\" decoding=\"async\" width=\"768\" height=\"1024\" src=\"https:\/\/hoobox.com.mx\/home24\/wp-content\/uploads\/2024\/06\/IMG_0314-copia-768x1024.jpg\" class=\"attachment-large size-large wp-image-8472\" alt=\"\" \/>\t\t\t\t\t\t\t\t\t\t\t\t\t\t\t<\/div>\n\t\t\t\t<\/div>\n\t\t\t\t\t<\/div>\n\t\t<\/div>\n\t\t\t\t<div class=\"elementor-column elementor-col-50 elementor-top-column elementor-element elementor-element-280e column-style-top\" data-id=\"280e\" data-element_type=\"column\">\n\t\t\t<div class=\"elementor-widget-wrap elementor-element-populated\">\n\t\t\t\t\t\t<div class=\"elementor-element elementor-element-31c2 elementor-widget elementor-widget-gva-heading-block\" data-id=\"31c2\" data-element_type=\"widget\" data-widget_type=\"gva-heading-block.default\">\n\t\t\t\t<div class=\"elementor-widget-container\">\n\t\t\t\t\t<div class=\"gva-element-gva-heading-block gva-element\">   <div class=\"align-left style-1 widget gsc-heading\">\r\n      <div class=\"content-inner\">\r\n         \r\n                  \r\n           \r\n         \r\n                     <h2 class=\"title\">\r\n               <span>Soluciones de coworking y alquiler de oficinas.<\/span>\r\n            <\/h2>\r\n                              <div class=\"title-desc\">Nuestros espacios, planeados para satisfacer las necesidades din\u00e1micas de los profesionales y empresas modernos, est\u00e1n dise\u00f1ados para inspirar la creatividad, fomentar la colaboraci\u00f3n y mejorar la productividad.<\/div>\r\n         \r\n         \r\n      <\/div>\r\n   <\/div>\r\n   <div class=\"clearfix\"><\/div>\r\n<\/div>\t\t\t\t<\/div>\n\t\t\t\t<\/div>\n\t\t\t\t<div class=\"elementor-element elementor-element-3df7 elementor-align-left elementor-icon-list--layout-traditional elementor-list-item-link-full_width elementor-widget elementor-widget-icon-list\" data-id=\"3df7\" data-element_type=\"widget\" data-widget_type=\"icon-list.default\">\n\t\t\t\t<div class=\"elementor-widget-container\">\n\t\t\t\t\t\t\t<ul class=\"elementor-icon-list-items\">\n\t\t\t\t\t\t\t<li class=\"elementor-icon-list-item\">\n\t\t\t\t\t\t\t\t\t\t\t<span class=\"elementor-icon-list-icon\">\n\t\t\t\t\t\t\t<i aria-hidden=\"true\" class=\"fas fa-check\"><\/i>\t\t\t\t\t\t<\/span>\n\t\t\t\t\t\t\t\t\t\t<span class=\"elementor-icon-list-text\">Internet de alta velocidad<\/span>\n\t\t\t\t\t\t\t\t\t<\/li>\n\t\t\t\t\t\t\t\t<li class=\"elementor-icon-list-item\">\n\t\t\t\t\t\t\t\t\t\t\t<span class=\"elementor-icon-list-icon\">\n\t\t\t\t\t\t\t<i aria-hidden=\"true\" class=\"fas fa-check\"><\/i>\t\t\t\t\t\t<\/span>\n\t\t\t\t\t\t\t\t\t\t<span class=\"elementor-icon-list-text\">Sala de juntas<\/span>\n\t\t\t\t\t\t\t\t\t<\/li>\n\t\t\t\t\t\t\t\t<li class=\"elementor-icon-list-item\">\n\t\t\t\t\t\t\t\t\t\t\t<span class=\"elementor-icon-list-icon\">\n\t\t\t\t\t\t\t<i aria-hidden=\"true\" class=\"fas fa-check\"><\/i>\t\t\t\t\t\t<\/span>\n\t\t\t\t\t\t\t\t\t\t<span class=\"elementor-icon-list-text\">Servicio Asistencia Ejecutiva<\/span>\n\t\t\t\t\t\t\t\t\t<\/li>\n\t\t\t\t\t\t\t\t<li class=\"elementor-icon-list-item\">\n\t\t\t\t\t\t\t\t\t\t\t<span class=\"elementor-icon-list-icon\">\n\t\t\t\t\t\t\t<i aria-hidden=\"true\" class=\"fas fa-check\"><\/i>\t\t\t\t\t\t<\/span>\n\t\t\t\t\t\t\t\t\t\t<span class=\"elementor-icon-list-text\">Espacio de Cafeter\u00eda<\/span>\n\t\t\t\t\t\t\t\t\t<\/li>\n\t\t\t\t\t\t<\/ul>\n\t\t\t\t\t\t<\/div>\n\t\t\t\t<\/div>\n\t\t\t\t<div class=\"elementor-element elementor-element-5e87de5 elementor-widget elementor-widget-text-editor\" data-id=\"5e87de5\" data-element_type=\"widget\" data-widget_type=\"text-editor.default\">\n\t\t\t\t<div class=\"elementor-widget-container\">\n\t\t\t\t\t\t\t\t\t<p><a class=\"btn-theme\" href=\"https:\/\/hoobox.com.mx\/home24\/?page_id=4504\">Visitar las Instalaciones<br \/><\/a><\/p>\t\t\t\t\t\t\t\t<\/div>\n\t\t\t\t<\/div>\n\t\t\t\t\t<\/div>\n\t\t<\/div>\n\t\t\t\t\t<\/div>\n\t\t<\/section>\n\t\t\t\t<section class=\"elementor-section elementor-top-section elementor-element elementor-element-552f elementor-section-boxed elementor-section-height-default elementor-section-height-default\" data-id=\"552f\" data-element_type=\"section\" data-settings=\"{&quot;background_background&quot;:&quot;classic&quot;}\">\n\t\t\t\t\t\t<div class=\"elementor-container elementor-column-gap-default\">\n\t\t\t\t\t<div class=\"elementor-column elementor-col-50 elementor-top-column elementor-element elementor-element-1a10 column-style-top\" data-id=\"1a10\" data-element_type=\"column\">\n\t\t\t<div class=\"elementor-widget-wrap elementor-element-populated\">\n\t\t\t\t\t\t<div class=\"elementor-element elementor-element-1ed3 elementor-widget elementor-widget-gva-heading-block\" data-id=\"1ed3\" data-element_type=\"widget\" data-widget_type=\"gva-heading-block.default\">\n\t\t\t\t<div class=\"elementor-widget-container\">\n\t\t\t\t\t<div class=\"gva-element-gva-heading-block gva-element\">   <div class=\"align-left style-1 widget gsc-heading\">\r\n      <div class=\"content-inner\">\r\n         \r\n                  \r\n           \r\n         \r\n                     <h2 class=\"title\">\r\n               <span>Cambiando la forma de trabajar de las personas y las empresas.<\/span>\r\n            <\/h2>\r\n                  \r\n         \r\n      <\/div>\r\n   <\/div>\r\n   <div class=\"clearfix\"><\/div>\r\n<\/div>\t\t\t\t<\/div>\n\t\t\t\t<\/div>\n\t\t\t\t\t<\/div>\n\t\t<\/div>\n\t\t\t\t<div class=\"elementor-column elementor-col-50 elementor-top-column elementor-element elementor-element-670e column-style-top\" data-id=\"670e\" data-element_type=\"column\">\n\t\t\t<div class=\"elementor-widget-wrap elementor-element-populated\">\n\t\t\t\t\t\t<div class=\"elementor-element elementor-element-2909 elementor-widget elementor-widget-gva-video-box\" data-id=\"2909\" data-element_type=\"widget\" data-widget_type=\"gva-video-box.default\">\n\t\t\t\t<div class=\"elementor-widget-container\">\n\t\t\t\t\t<div class=\"gva-element-gva-video-box gva-element\">\r\n         <div class=\"widget gsc-video-box clearfix style-1\">\r\n         <div class=\"video-inner\">\r\n            <span class=\"video-action\">\r\n                                 <a href=\"https:\/\/youtube.com\/shorts\/ymZAPGyOHT0?si=Q30uINV4R7arzVur\" class=\"popup-video\"><span><i class=\"fa fa-play\"><\/i><\/span><\/a>\r\n                 \r\n            <\/span>    \r\n         <\/div>\r\n      <\/div> \r\n   \r\n   <\/div>\t\t\t\t<\/div>\n\t\t\t\t<\/div>\n\t\t\t\t\t<\/div>\n\t\t<\/div>\n\t\t\t\t\t<\/div>\n\t\t<\/section>\n\t\t\t\t<section class=\"elementor-section elementor-top-section elementor-element elementor-element-154b elementor-section-boxed elementor-section-height-default elementor-section-height-default\" data-id=\"154b\" data-element_type=\"section\" data-settings=\"{&quot;background_background&quot;:&quot;classic&quot;}\">\n\t\t\t\t\t\t<div class=\"elementor-container elementor-column-gap-default\">\n\t\t\t\t\t<div class=\"elementor-column elementor-col-100 elementor-top-column elementor-element elementor-element-661a column-style-top\" data-id=\"661a\" data-element_type=\"column\">\n\t\t\t<div class=\"elementor-widget-wrap elementor-element-populated\">\n\t\t\t\t\t\t<div class=\"elementor-element elementor-element-4cc5 elementor-widget elementor-widget-gva-heading-block\" data-id=\"4cc5\" data-element_type=\"widget\" data-widget_type=\"gva-heading-block.default\">\n\t\t\t\t<div class=\"elementor-widget-container\">\n\t\t\t\t\t<div class=\"gva-element-gva-heading-block gva-element\">   <div class=\"align-center style-1 widget gsc-heading\">\r\n      <div class=\"content-inner\">\r\n         \r\n                  \r\n           \r\n         \r\n                     <h2 class=\"title\">\r\n               <span>Lo que nuestros clientes est\u00e1n diciendo\u2026<\/span>\r\n            <\/h2>\r\n                  \r\n         \r\n      <\/div>\r\n   <\/div>\r\n   <div class=\"clearfix\"><\/div>\r\n<\/div>\t\t\t\t<\/div>\n\t\t\t\t<\/div>\n\t\t\t\t\t<\/div>\n\t\t<\/div>\n\t\t\t\t\t<\/div>\n\t\t<\/section>\n\t\t\t\t<section class=\"elementor-section elementor-top-section elementor-element elementor-element-41d4 elementor-section-boxed elementor-section-height-default elementor-section-height-default\" data-id=\"41d4\" data-element_type=\"section\" data-settings=\"{&quot;background_background&quot;:&quot;classic&quot;}\">\n\t\t\t\t\t\t<div class=\"elementor-container elementor-column-gap-default\">\n\t\t\t\t\t<div class=\"elementor-column elementor-col-100 elementor-top-column elementor-element elementor-element-3b27 column-style-top\" data-id=\"3b27\" data-element_type=\"column\">\n\t\t\t<div class=\"elementor-widget-wrap elementor-element-populated\">\n\t\t\t\t\t\t<div class=\"elementor-element elementor-element-49e6 elementor-widget elementor-widget-gva-testimonials\" data-id=\"49e6\" data-element_type=\"widget\" data-widget_type=\"gva-testimonials.default\">\n\t\t\t\t<div class=\"elementor-widget-container\">\n\t\t\t\t\t<div class=\"gva-element-gva-testimonials gva-element\">   \r\n   <div class=\"gva-testimonial-carousel style-1\">\r\n      <div class=\"init-carousel-owl owl-carousel\" data-items=\"3\" data-items_lg=\"3\" data-items_md=\"3\" data-items_sm=\"2\" data-items_xs=\"1\" data-loop=\"1\" data-speed=\"800\" data-auto_play=\"1\" data-auto_play_speed=\"800\" data-auto_play_timeout=\"6000\" data-auto_play_hover=\"1\" data-navigation=\"1\" data-pagination=\"0\" data-mouse_drag=\"1\" data-touch_drag=\"1\" >\r\n                                 <div class=\"item testimonial-item\">\r\n               <span class=\"quote-icon\">\u201c<\/span>\r\n               <div class=\"testimonial-content\">\r\n                  \"Estoy encantada con el servicio de renta de oficinas de Hoobox. La ubicaci\u00f3n es simplemente perfecta para mis necesidades, con f\u00e1cil acceso a cualquier parte de la CDMX. \u00a1Es el lugar ideal para cualquier emprendedor!\"               <\/div>\r\n               <div class=\"testimonial-meta\">\r\n                  <div class=\"testimonial-information\">\r\n                     <span class=\"testimonial-name\">Ana Estella<\/span>\r\n                     <span class=\"testimonial-job\">Emprendedora<\/span>\r\n                  <\/div>\r\n                  <div class=\"testimonial-image\">\r\n                     <img decoding=\"async\" src=\"https:\/\/www.gavias-theme.com\/wp\/codesk\/wp-content\/uploads\/2020\/03\/testimonial.png\" alt=\"\" \/>\r\n                  <\/div>\r\n               <\/div>\r\n            <\/div>\r\n                                 <div class=\"item testimonial-item\">\r\n               <span class=\"quote-icon\">\u201c<\/span>\r\n               <div class=\"testimonial-content\">\r\n                  \"El espacio de co-working de Hoobox es impresionante. Todo est\u00e1 dise\u00f1ado pensando en nuestras necesidades. La cafeter\u00eda es un gran plus, y el servicio al cliente es insuperable. \u00a1Altamente recomendado!\"               <\/div>\r\n               <div class=\"testimonial-meta\">\r\n                  <div class=\"testimonial-information\">\r\n                     <span class=\"testimonial-name\">Carlos R.<\/span>\r\n                     <span class=\"testimonial-job\">Customer<\/span>\r\n                  <\/div>\r\n                  <div class=\"testimonial-image\">\r\n                     <img decoding=\"async\" src=\"\" alt=\"\" \/>\r\n                  <\/div>\r\n               <\/div>\r\n            <\/div>\r\n                                 <div class=\"item testimonial-item\">\r\n               <span class=\"quote-icon\">\u201c<\/span>\r\n               <div class=\"testimonial-content\">\r\n                  \"Cada detalle ha sido cuidadosamente pensado para crear un ambiente de trabajo eficiente y c\u00f3modo. La combinaci\u00f3n de dise\u00f1o y funcionalidad realmente potencia mi productividad.\"               <\/div>\r\n               <div class=\"testimonial-meta\">\r\n                  <div class=\"testimonial-information\">\r\n                     <span class=\"testimonial-name\">Lucia Garcia<\/span>\r\n                     <span class=\"testimonial-job\">Gerente RH<\/span>\r\n                  <\/div>\r\n                  <div class=\"testimonial-image\">\r\n                     <img decoding=\"async\" src=\"\" alt=\"\" \/>\r\n                  <\/div>\r\n               <\/div>\r\n            <\/div>\r\n                                 <div class=\"item testimonial-item\">\r\n               <span class=\"quote-icon\">\u201c<\/span>\r\n               <div class=\"testimonial-content\">\r\n                  \"Hoobox ha superado mis expectativas. La ubicaci\u00f3n privilegiada y las instalaciones modernas me permiten concentrarme en mi trabajo sin preocupaciones.\"               <\/div>\r\n               <div class=\"testimonial-meta\">\r\n                  <div class=\"testimonial-information\">\r\n                     <span class=\"testimonial-name\">Mario Tamayo<\/span>\r\n                     <span class=\"testimonial-job\">Profesionista<\/span>\r\n                  <\/div>\r\n                  <div class=\"testimonial-image\">\r\n                     <img decoding=\"async\" src=\"\" alt=\"\" \/>\r\n                  <\/div>\r\n               <\/div>\r\n            <\/div>\r\n                                 <div class=\"item testimonial-item\">\r\n               <span class=\"quote-icon\">\u201c<\/span>\r\n               <div class=\"testimonial-content\">\r\n                  \"El ambiente din\u00e1mico y las oficinas equipadas me ayudan a mantenerme enfocado y creativo.\u201d               <\/div>\r\n               <div class=\"testimonial-meta\">\r\n                  <div class=\"testimonial-information\">\r\n                     <span class=\"testimonial-name\">Sofia Lisalla<\/span>\r\n                     <span class=\"testimonial-job\">Fundadora IAP<\/span>\r\n                  <\/div>\r\n                  <div class=\"testimonial-image\">\r\n                     <img decoding=\"async\" src=\"\" alt=\"\" \/>\r\n                  <\/div>\r\n               <\/div>\r\n            <\/div>\r\n                                 <div class=\"item testimonial-item\">\r\n               <span class=\"quote-icon\">\u201c<\/span>\r\n               <div class=\"testimonial-content\">\r\n                  \"Lo que m\u00e1s me gusta de Hoobox es su atenci\u00f3n al detalle. Desde la calidad del internet hasta los espacios de trabajo colaborativos, todo est\u00e1 hecho para potenciar nuestro negocio\"               <\/div>\r\n               <div class=\"testimonial-meta\">\r\n                  <div class=\"testimonial-information\">\r\n                     <span class=\"testimonial-name\">Javier P.<\/span>\r\n                     <span class=\"testimonial-job\">Dise\u00f1o Grafico<\/span>\r\n                  <\/div>\r\n                  <div class=\"testimonial-image\">\r\n                     <img decoding=\"async\" src=\"\" alt=\"\" \/>\r\n                  <\/div>\r\n               <\/div>\r\n            <\/div>\r\n               <\/div>\r\n   <\/div>\r\n   <\/div>\t\t\t\t<\/div>\n\t\t\t\t<\/div>\n\t\t\t\t\t<\/div>\n\t\t<\/div>\n\t\t\t\t\t<\/div>\n\t\t<\/section>\n\t\t\t\t<section class=\"elementor-section elementor-top-section elementor-element elementor-element-2b3 elementor-section-boxed elementor-section-height-default elementor-section-height-default\" data-id=\"2b3\" data-element_type=\"section\">\n\t\t\t\t\t\t<div class=\"elementor-container elementor-column-gap-default\">\n\t\t\t\t\t<div class=\"elementor-column elementor-col-50 elementor-top-column elementor-element elementor-element-3c17 column-style-bg-overflow-left\" data-id=\"3c17\" data-element_type=\"column\" data-settings=\"{&quot;background_background&quot;:&quot;classic&quot;}\">\n\t\t\t<div class=\"elementor-widget-wrap elementor-element-populated\">\n\t\t\t\t\t\t<div class=\"elementor-element elementor-element-7896 elementor-widget elementor-widget-gva-heading-block\" data-id=\"7896\" data-element_type=\"widget\" data-widget_type=\"gva-heading-block.default\">\n\t\t\t\t<div class=\"elementor-widget-container\">\n\t\t\t\t\t<div class=\"gva-element-gva-heading-block gva-element\">   <div class=\"align-left style-1 widget gsc-heading\">\r\n      <div class=\"content-inner\">\r\n         \r\n                  \r\n           \r\n         \r\n                     <h2 class=\"title\">\r\n               <span>\u00danase a una comunidad de empresas.<\/span>\r\n            <\/h2>\r\n                              <div class=\"title-desc\">\u00danase a nuestra comunidad de innovadores, donde cada d\u00eda es una oportunidad para conectar, aprender y avanzar. En nuestro espacio, no s\u00f3lo encontrar\u00e1 un lugar para trabajar, sino un ecosistema vibrante para nutrir su proyecto y convertir su visi\u00f3n en realidad.<\/div>\r\n         \r\n                     <div class=\"heading-action\">\r\n                       <a href=\"https:\/\/hoobox.com.mx\/home24\/?page_id=4504\" class=\"btn-cta btn-black \">\r\n          <span>Vista las Instalaciones<\/span>\r\n        <\/a>\r\n\r\n                    <\/div>\r\n         \r\n      <\/div>\r\n   <\/div>\r\n   <div class=\"clearfix\"><\/div>\r\n<\/div>\t\t\t\t<\/div>\n\t\t\t\t<\/div>\n\t\t\t\t\t<\/div>\n\t\t<\/div>\n\t\t\t\t<div class=\"elementor-column elementor-col-50 elementor-top-column elementor-element elementor-element-822 column-style-bg-overflow-right\" data-id=\"822\" data-element_type=\"column\" data-settings=\"{&quot;background_background&quot;:&quot;classic&quot;}\">\n\t\t\t<div class=\"elementor-widget-wrap elementor-element-populated\">\n\t\t\t\t\t<div class=\"elementor-background-overlay\"><\/div>\n\t\t\t\t\t\t<div class=\"elementor-element elementor-element-4804 elementor-widget elementor-widget-gva-counter\" data-id=\"4804\" data-element_type=\"widget\" data-widget_type=\"gva-counter.default\">\n\t\t\t\t<div class=\"elementor-widget-container\">\n\t\t\t\t\t<div class=\"gva-element-gva-counter gva-element\">\r\n         <div class=\"widget milestone-block style-3\">\r\n         <div class=\"box-content\">\r\n            \r\n            <div class=\"milestone-content\">\r\n               <div class=\"milestone-number-inner\">\r\n                                    <span class=\"milestone-number\">764<\/span>\r\n                                 <\/div>\r\n                                 <div class=\"milestone-text\">\r\n                      Emprendedores que <br>utilizan nuestras <br>soluciones.                  <\/div>\r\n                           <\/div>\r\n         <\/div>   \r\n      <\/div> \r\n   \r\n<\/div>\t\t\t\t<\/div>\n\t\t\t\t<\/div>\n\t\t\t\t<div class=\"elementor-element elementor-element-11ed elementor-widget elementor-widget-gva-counter\" data-id=\"11ed\" data-element_type=\"widget\" data-widget_type=\"gva-counter.default\">\n\t\t\t\t<div class=\"elementor-widget-container\">\n\t\t\t\t\t<div class=\"gva-element-gva-counter gva-element\">\r\n         <div class=\"widget milestone-block style-3\">\r\n         <div class=\"box-content\">\r\n            \r\n            <div class=\"milestone-content\">\r\n               <div class=\"milestone-number-inner\">\r\n                                    <span class=\"milestone-number\">912<\/span>\r\n                                 <\/div>\r\n                                 <div class=\"milestone-text\">\r\n                      Empresas y PyME'S <br>que utilizan nuestros <br>servicios.                  <\/div>\r\n                           <\/div>\r\n         <\/div>   \r\n      <\/div> \r\n   \r\n<\/div>\t\t\t\t<\/div>\n\t\t\t\t<\/div>\n\t\t\t\t\t<\/div>\n\t\t<\/div>\n\t\t\t\t\t<\/div>\n\t\t<\/section>\n\t\t\t\t<section class=\"elementor-section elementor-top-section elementor-element elementor-element-7dc0 elementor-section-boxed elementor-section-height-default elementor-section-height-default\" data-id=\"7dc0\" data-element_type=\"section\" data-settings=\"{&quot;background_background&quot;:&quot;classic&quot;}\">\n\t\t\t\t\t\t<div class=\"elementor-container elementor-column-gap-default\">\n\t\t\t\t\t<div class=\"elementor-column elementor-col-50 elementor-top-column elementor-element elementor-element-5bfd column-style-top\" data-id=\"5bfd\" data-element_type=\"column\">\n\t\t\t<div class=\"elementor-widget-wrap elementor-element-populated\">\n\t\t\t\t\t\t<div class=\"elementor-element elementor-element-3054 elementor-widget elementor-widget-gva-heading-block\" data-id=\"3054\" data-element_type=\"widget\" data-widget_type=\"gva-heading-block.default\">\n\t\t\t\t<div class=\"elementor-widget-container\">\n\t\t\t\t\t<div class=\"gva-element-gva-heading-block gva-element\">   <div class=\"align-left style-1 widget gsc-heading\">\r\n      <div class=\"content-inner\">\r\n         \r\n                  \r\n           \r\n         \r\n                     <h2 class=\"title\">\r\n               <span>Algunos de nuestros clientes<\/span>\r\n            <\/h2>\r\n                  \r\n         \r\n      <\/div>\r\n   <\/div>\r\n   <div class=\"clearfix\"><\/div>\r\n<\/div>\t\t\t\t<\/div>\n\t\t\t\t<\/div>\n\t\t\t\t\t<\/div>\n\t\t<\/div>\n\t\t\t\t<div class=\"elementor-column elementor-col-50 elementor-top-column elementor-element elementor-element-343 column-style-top\" data-id=\"343\" data-element_type=\"column\">\n\t\t\t<div class=\"elementor-widget-wrap elementor-element-populated\">\n\t\t\t\t\t\t<div class=\"elementor-element elementor-element-70f2 elementor-widget elementor-widget-gva-brand\" data-id=\"70f2\" data-element_type=\"widget\" data-widget_type=\"gva-brand.default\">\n\t\t\t\t<div class=\"elementor-widget-container\">\n\t\t\t\t\t<div class=\"gva-element-gva-brand gva-element\">   <div class=\"gva-brand-carousel style-1\">\r\n      <div class=\"init-carousel-owl owl-carousel\" data-items=\"3\" data-items_lg=\"3\" data-items_md=\"3\" data-items_sm=\"2\" data-items_xs=\"1\" data-loop=\"1\" data-speed=\"800\" data-auto_play=\"1\" data-auto_play_speed=\"800\" data-auto_play_timeout=\"6000\" data-auto_play_hover=\"1\" data-navigation=\"1\" data-pagination=\"0\" data-mouse_drag=\"1\" data-touch_drag=\"1\" >\r\n                                 <div class=\"item brand-item\">               <div class=\"brand-item-content\">\r\n                  <span >\r\n                  <img decoding=\"async\" src=\"https:\/\/hoobox.com.mx\/home24\/wp-content\/uploads\/2024\/03\/PVA_-Logo.png\" title=\"PVA_ Logo\" alt=\"PVA_ Logo\" loading=\"lazy\" \/>                  <\/span>\r\n               <\/div>\r\n\r\n                                                            <div class=\"brand-item-content\">\r\n                  <span >\r\n                  <img decoding=\"async\" src=\"https:\/\/hoobox.com.mx\/home24\/wp-content\/uploads\/2024\/03\/Saanvi_-Logo.png\" title=\"Saanvi_ Logo\" alt=\"Saanvi_ Logo\" loading=\"lazy\" \/>                  <\/span>\r\n               <\/div>\r\n\r\n            <\/div>                                 <div class=\"item brand-item\">               <div class=\"brand-item-content\">\r\n                  <span >\r\n                  <img decoding=\"async\" src=\"https:\/\/hoobox.com.mx\/home24\/wp-content\/uploads\/2024\/03\/iBSC_-Logo.png\" title=\"iBSC_ Logo\" alt=\"iBSC_ Logo\" loading=\"lazy\" \/>                  <\/span>\r\n               <\/div>\r\n\r\n                                                            <div class=\"brand-item-content\">\r\n                  <span >\r\n                  <img decoding=\"async\" src=\"https:\/\/hoobox.com.mx\/home24\/wp-content\/uploads\/2024\/03\/FOCCO_-Logo.png\" title=\"FOCCO_ Logo\" alt=\"FOCCO_ Logo\" loading=\"lazy\" \/>                  <\/span>\r\n               <\/div>\r\n\r\n            <\/div>                                 <div class=\"item brand-item\">               <div class=\"brand-item-content\">\r\n                  <span >\r\n                  <img decoding=\"async\" src=\"https:\/\/hoobox.com.mx\/home24\/wp-content\/uploads\/2024\/03\/PW_-Logo.jpg\" title=\"PW_ Logo\" alt=\"PW_ Logo\" loading=\"lazy\" \/>                  <\/span>\r\n               <\/div>\r\n\r\n                                                            <div class=\"brand-item-content\">\r\n                  <span >\r\n                  <img decoding=\"async\" src=\"https:\/\/hoobox.com.mx\/home24\/wp-content\/uploads\/2024\/03\/snowman-copia.jpg\" title=\"snowman copia\" alt=\"snowman copia\" loading=\"lazy\" \/>                  <\/span>\r\n               <\/div>\r\n\r\n            <\/div>               <\/div>\r\n   <\/div>\r\n\r\n<\/div>\t\t\t\t<\/div>\n\t\t\t\t<\/div>\n\t\t\t\t\t<\/div>\n\t\t<\/div>\n\t\t\t\t\t<\/div>\n\t\t<\/section>\n\t\t\t\t<\/div>\n\t\t","protected":false},"excerpt":{"rendered":"<p>Soluciones de coworking y alquiler de oficinas. Nuestros espacios, planeados para satisfacer las necesidades din\u00e1micas de los profesionales y empresas modernos, est\u00e1n dise\u00f1ados para inspirar la creatividad, fomentar la colaboraci\u00f3n [&hellip;]<\/p>\n","protected":false},"author":1,"featured_media":0,"parent":0,"menu_order":0,"comment_status":"closed","ping_status":"closed","template":"","meta":{"footnotes":""},"class_list":["post-612","page","type-page","status-publish","hentry"],"_links":{"self":[{"href":"https:\/\/hoobox.com.mx\/home24\/index.php?rest_route=\/wp\/v2\/pages\/612","targetHints":{"allow":["GET"]}}],"collection":[{"href":"https:\/\/hoobox.com.mx\/home24\/index.php?rest_route=\/wp\/v2\/pages"}],"about":[{"href":"https:\/\/hoobox.com.mx\/home24\/index.php?rest_route=\/wp\/v2\/types\/page"}],"author":[{"embeddable":true,"href":"https:\/\/hoobox.com.mx\/home24\/index.php?rest_route=\/wp\/v2\/users\/1"}],"replies":[{"embeddable":true,"href":"https:\/\/hoobox.com.mx\/home24\/index.php?rest_route=%2Fwp%2Fv2%2Fcomments&post=612"}],"version-history":[{"count":17,"href":"https:\/\/hoobox.com.mx\/home24\/index.php?rest_route=\/wp\/v2\/pages\/612\/revisions"}],"predecessor-version":[{"id":8568,"href":"https:\/\/hoobox.com.mx\/home24\/index.php?rest_route=\/wp\/v2\/pages\/612\/revisions\/8568"}],"wp:attachment":[{"href":"https:\/\/hoobox.com.mx\/home24\/index.php?rest_route=%2Fwp%2Fv2%2Fmedia&parent=612"}],"curies":[{"name":"wp","href":"https:\/\/api.w.org\/{rel}","templated":true}]}}